{"id":3,"date":"2021-09-23T00:13:37","date_gmt":"2021-09-23T05:13:37","guid":{"rendered":"http:\/\/34.138.37.103\/?page_id=3"},"modified":"2022-01-17T11:04:02","modified_gmt":"2022-01-17T16:04:02","slug":"privacy-policy","status":"publish","type":"page","link":"https:\/\/criii.cbp.org.pe\/index.php\/privacy-policy\/","title":{"rendered":"Pol\u00edtica de privacidad"},"content":{"rendered":"\t\t<div data-elementor-type=\"wp-page\" data-elementor-id=\"3\" class=\"elementor elementor-3\">\n\t\t\t\t\t\t<section class=\"elementor-section elementor-top-section elementor-element elementor-element-1fc05397 elementor-section-boxed elementor-section-height-default elementor-section-height-default\" data-id=\"1fc05397\" data-element_type=\"section\" data-e-type=\"section\">\n\t\t\t\t\t\t<div class=\"elementor-container elementor-column-gap-default\">\n\t\t\t\t\t<div class=\"elementor-column elementor-col-100 elementor-top-column elementor-element elementor-element-4070df31\" data-id=\"4070df31\" data-element_type=\"column\" data-e-type=\"column\">\n\t\t\t<div class=\"elementor-widget-wrap elementor-element-populated\">\n\t\t\t\t\t\t<div class=\"elementor-element elementor-element-237c282a elementor-widget elementor-widget-text-editor\" data-id=\"237c282a\" data-element_type=\"widget\" data-e-type=\"widget\" data-widget_type=\"text-editor.default\">\n\t\t\t\t<div class=\"elementor-widget-container\">\n\t\t\t\t\t\t\t\t\t<p><\/p>\n<h2 class=\"wp-block-heading\">Introducci\u00f3n<\/h2>\n<p>\n\n<\/p>\n<p>La presente Pol\u00edtica de Privacidad para la Protecci\u00f3n de Datos Personales en el \u00e1mbito del Portal Web y de Aplicaciones M\u00f3viles, describe el tratamiento que nuestra instituci\u00f3n (Colegio de Bi\u00f3logos del Per\u00fa Consejo Regional III Lambayeque, en adelante \u201cCRIII\u201d) brinda a los datos personales que recopila de los usuarios de nuestro portal web y aplicaciones m\u00f3viles. Dicha pol\u00edtica se ajusta a las disposiciones contenidas en la Ley de Protecci\u00f3n de Datos Personales, Ley N\u00b0 29733, su Reglamento y la Directiva de Seguridad de la Informaci\u00f3n emitida por la autoridad competente.<\/p>\n<p>\n\n<\/p>\n<h2 class=\"wp-block-heading\">Recopilaci\u00f3n de la Informaci\u00f3n<\/h2>\n<p>\n\n<\/p>\n<p>Para efectos de visitar nuestro portal web y nuestras aplicaciones m\u00f3viles usted no tiene la obligaci\u00f3n de proporcionar datos personales. Sin embargo, para los casos en que presente solicitudes, acceda a servicios que CRIII brinda por dichos medios, o participe en eventos promovidos por CRIII, entre otros, es posible que este requiera informaci\u00f3n personal espec\u00edfica y necesaria para dicho fin. Tal informaci\u00f3n puede comprender el nombre, n\u00famero de documento de identidad, direcci\u00f3n de correo electr\u00f3nico y n\u00famero de tel\u00e9fono. Asimismo, cuando la naturaleza de lo solicitado as\u00ed lo requiera, y en tanto sea estrictamente necesario, CRIII podr\u00e1 requerir otros datos personales.<\/p>\n<p>\n\n<\/p>\n<h2 class=\"wp-block-heading\">Consentimiento del usuario<\/h2>\n<p>\n\n<\/p>\n<p>El llenado de los formularios que nuestro portal web o aplicaciones m\u00f3viles requieran para efectos de presentaci\u00f3n de solicitudes, acceso a servicios o participaci\u00f3n en eventos promovidos por CRIII, representa el consentimiento expreso del titular para la recopilaci\u00f3n de sus datos personales y para su tratamiento para los fines espec\u00edficos que motivaron su recopilaci\u00f3n.<\/p>\n<p>\n\n<\/p>\n<h2 class=\"wp-block-heading\">Responsabilidad por la informaci\u00f3n proporcionada<\/h2>\n<p>\n\n<\/p>\n<p>Los datos personales que el usuario proporcione deben ser, bajo su responsabilidad, verdaderos, completos, exactos, vigentes y, corresponder a su verdadera identidad.<\/p>\n<p>Cualquier tipo de da\u00f1o o perjuicio, directo indirecto, que se derive para CRIII o para terceros como consecuencia del incumplimiento parcial o total de la obligaci\u00f3n referida en el punto anterior, ser\u00e1 responsabilidad \u00fanica y exclusiva del usuario que proporcion\u00f3 la informaci\u00f3n.<\/p>\n<p>\n\n<\/p>\n<h2 class=\"wp-block-heading\">Tratamiento de la Informaci\u00f3n<\/h2>\n<p>\n\n<\/p>\n<p>Los datos personales proporcionados ser\u00e1n objeto de tratamiento \u00fanicamente para la finalidad espec\u00edfica para la que fueron suministrados. CRIII no emplear\u00e1 los datos personales del usuario para ninguna finalidad distinta de la expresamente prevista en la presente Pol\u00edtica de Privacidad, a no ser que se trate de una finalidad expresamente permitida o exigida por la normativa vigente aplicable o que CRIII haya recabado previamente el debido consentimiento del usuario.<\/p>\n<p>CRIII no compartir\u00e1 ni ceder\u00e1 a terceros alg\u00fan dato personal del usuario sin el consentimiento previo y expreso de este \u00faltimo, salvo cuando dicha comunicaci\u00f3n sea exigida por la legislaci\u00f3n vigente, por orden judicial o por una autoridad competente.<\/p>\n<p>El portal web de CRIII y sus aplicaciones m\u00f3viles pueden ofrecer v\u00ednculos (links) para acceder a otras p\u00e1ginas web que no son parte de aquellos. Es responsabilidad del usuario revisar las pol\u00edticas de privacidad en dichas p\u00e1ginas web para verificar el nivel de protecci\u00f3n de sus datos personales en ese ambiente, lo que es ajeno a la responsabilidad de CRIII.<\/p>\n<p>\n\n<\/p>\n<h2 class=\"wp-block-heading\">Ejercicio de derechos ARCO<\/h2>\n<p>\n\n<\/p>\n<p>El usuario podr\u00e1 ejercitar sus derechos de Informaci\u00f3n, Acceso, Rectificaci\u00f3n, Cancelaci\u00f3n, Revocaci\u00f3n, Oposici\u00f3n, etc. (ARCO) al uso de sus datos personales, de conformidad con la Ley de Protecci\u00f3n de Datos Personales, Ley N\u00b0 29733. En ese sentido, el usuario tiene derecho, entre otros, a acceder a su informaci\u00f3n personal, a solicitar la rectificaci\u00f3n de datos inexactos y a revocar su consentimiento para el tratamiento de la misma; asimismo, podr\u00e1 solicitar la supresi\u00f3n de sus datos u oponerse al tratamiento de los mismos, incluso cuando estos ya no resulten necesarios para los fines que motivaron su recopilaci\u00f3n.<\/p>\n<p>El ejercicio de estos derechos es gratuito. Para ello, puede dirigirse por correo electr\u00f3nico a soporte@mobilesolutions.pe adjuntando la \u201cSolicitud de Atenci\u00f3n de Derechos ARCO &#8211; Ley N\u00b0 29733, Ley de Protecci\u00f3n de Datos Personales\u201d y copia del documento de identidad (DNI\/CE\/Pasaporte) que acredite su titularidad sobre los datos personales respecto de los cuales ejercer\u00e1 su derecho. Tambi\u00e9n podr\u00e1 hacerlo en la Mesa de Partes de CRIII, ubicada en <em>Jr. Elias Aguirre N\u00ba 326 Of. 103 &#8211; Chiclayo<\/em>, Per\u00fa, o en cualquiera de nuestras oficinas en el pa\u00eds. Si utiliza un representante legal, \u00e9ste deber\u00e1 acreditarse como tal.<\/p>\n<p>Para descargar el formato de Solicitud de Atenci\u00f3n de Derechos ARCO haga <a href=\"https:\/\/reservalo.pe\/politicas\/MobileSolutions-Formato-ARCO.pdf\">clic aqu\u00ed<\/a>. <br \/>La atenci\u00f3n de la solicitud ser\u00e1 efectuada de acuerdo a los plazos previstos en la normatividad de protecci\u00f3n de datos personales.<\/p>\n<p>\n\n<\/p>\n<h2 class=\"wp-block-heading\">Cambios a la Pol\u00edtica de Privacidad para la Protecci\u00f3n de Datos Personales<\/h2>\n<p>\n\n<\/p>\n<p>CRIII se reserva el derecho de modificar su Pol\u00edtica de Privacidad para la Protecci\u00f3n de Datos Personales en el \u00c1mbito del Portal Web y de Aplicaciones M\u00f3viles as\u00ed como el aviso a trav\u00e9s del cual la divulga, con el objeto de adaptarla a los cambios que pueda requerir el marco normativo vigente. Es responsabilidad del usuario mantenerse informado de dicha pol\u00edtica, a efectos de lo cual, en cada oportunidad en que haga uso de nuestro portal web o aplicaciones m\u00f3viles, deber\u00e1 consultar nuestro Aviso de Pol\u00edtica de Privacidad para la Protecci\u00f3n de Datos Personales en el \u00c1mbito del Portal Web y de Aplicaciones M\u00f3viles.<\/p>\n<p>&nbsp;<\/p>\n<strong>\n<p>COLEGIO DE BI\u00d3LOGOS DEL PER\u00da <br>\nCONSEJO REGIONAL III LAMBAYEQUE<\/p>\n<\/strong>\n<p><\/p>\t\t\t\t\t\t\t\t<\/div>\n\t\t\t\t<\/div>\n\t\t\t\t\t<\/div>\n\t\t<\/div>\n\t\t\t\t\t<\/div>\n\t\t<\/section>\n\t\t\t\t<\/div>\n\t\t","protected":false},"excerpt":{"rendered":"<p>Introducci\u00f3n La presente Pol\u00edtica de Privacidad para la Protecci\u00f3n de Datos Personales en el \u00e1mbito del Portal Web y de Aplicaciones M\u00f3viles, describe el tratamiento que nuestra instituci\u00f3n (Colegio de Bi\u00f3logos del Per\u00fa Consejo Regional III Lambayeque, en adelante \u201cCRIII\u201d) brinda a los datos personales que recopila de los usuarios de nuestro portal web y [&hellip;]<\/p>\n","protected":false},"author":2,"featured_media":0,"parent":0,"menu_order":0,"comment_status":"closed","ping_status":"closed","template":"","meta":{"site-sidebar-layout":"default","site-content-layout":"","ast-site-content-layout":"default","site-content-style":"default","site-sidebar-style":"default","ast-global-header-display":"","ast-banner-title-visibility":"","ast-main-header-display":"","ast-hfb-above-header-display":"","ast-hfb-below-header-display":"","ast-hfb-mobile-header-display":"","site-post-title":"","ast-breadcrumbs-content":"","ast-featured-img":"","footer-sml-layout":"","ast-disable-related-posts":"","theme-transparent-header-meta":"","adv-header-id-meta":"","stick-header-meta":"","header-above-stick-meta":"","header-main-stick-meta":"","header-below-stick-meta":"","astra-migrate-meta-layouts":"default","ast-page-background-enabled":"default","ast-page-background-meta":{"desktop":{"background-color":"","background-image":"","background-repeat":"repeat","background-position":"center center","background-size":"auto","background-attachment":"scroll","background-type":"","background-media":"","overlay-type":"","overlay-color":"","overlay-opacity":"","overlay-gradient":""},"tablet":{"background-color":"","background-image":"","background-repeat":"repeat","background-position":"center center","background-size":"auto","background-attachment":"scroll","background-type":"","background-media":"","overlay-type":"","overlay-color":"","overlay-opacity":"","overlay-gradient":""},"mobile":{"background-color":"","background-image":"","background-repeat":"repeat","background-position":"center center","background-size":"auto","background-attachment":"scroll","background-type":"","background-media":"","overlay-type":"","overlay-color":"","overlay-opacity":"","overlay-gradient":""}},"ast-content-background-meta":{"desktop":{"background-color":"var(--ast-global-color-5)","background-image":"","background-repeat":"repeat","background-position":"center center","background-size":"auto","background-attachment":"scroll","background-type":"","background-media":"","overlay-type":"","overlay-color":"","overlay-opacity":"","overlay-gradient":""},"tablet":{"background-color":"var(--ast-global-color-5)","background-image":"","background-repeat":"repeat","background-position":"center center","background-size":"auto","background-attachment":"scroll","background-type":"","background-media":"","overlay-type":"","overlay-color":"","overlay-opacity":"","overlay-gradient":""},"mobile":{"background-color":"var(--ast-global-color-5)","background-image":"","background-repeat":"repeat","background-position":"center center","background-size":"auto","background-attachment":"scroll","background-type":"","background-media":"","overlay-type":"","overlay-color":"","overlay-opacity":"","overlay-gradient":""}},"footnotes":""},"class_list":["post-3","page","type-page","status-publish","hentry"],"_links":{"self":[{"href":"https:\/\/criii.cbp.org.pe\/index.php\/wp-json\/wp\/v2\/pages\/3","targetHints":{"allow":["GET"]}}],"collection":[{"href":"https:\/\/criii.cbp.org.pe\/index.php\/wp-json\/wp\/v2\/pages"}],"about":[{"href":"https:\/\/criii.cbp.org.pe\/index.php\/wp-json\/wp\/v2\/types\/page"}],"author":[{"embeddable":true,"href":"https:\/\/criii.cbp.org.pe\/index.php\/wp-json\/wp\/v2\/users\/2"}],"replies":[{"embeddable":true,"href":"https:\/\/criii.cbp.org.pe\/index.php\/wp-json\/wp\/v2\/comments?post=3"}],"version-history":[{"count":8,"href":"https:\/\/criii.cbp.org.pe\/index.php\/wp-json\/wp\/v2\/pages\/3\/revisions"}],"predecessor-version":[{"id":675,"href":"https:\/\/criii.cbp.org.pe\/index.php\/wp-json\/wp\/v2\/pages\/3\/revisions\/675"}],"wp:attachment":[{"href":"https:\/\/criii.cbp.org.pe\/index.php\/wp-json\/wp\/v2\/media?parent=3"}],"curies":[{"name":"wp","href":"https:\/\/api.w.org\/{rel}","templated":true}]}}